{"id":3219,"date":"2019-09-13T06:37:21","date_gmt":"2019-09-13T06:37:21","guid":{"rendered":"http:\/\/gabi.extendstudio.net\/carpentry\/colibri-wp\/"},"modified":"2025-02-19T10:20:52","modified_gmt":"2025-02-19T10:20:52","slug":"psychotherapie-carcassonne","status":"publish","type":"page","link":"https:\/\/laetitia-vesentini-psy.fr\/","title":{"rendered":"PSYCHOT\u00c9RAPIE AVEC UNE APPROCHE \u00c9NERG\u00c9TIQUE CARCASSONNE"},"content":{"rendered":"<div data-colibri-id=\"3219-c1\" class=\"style-152 style-local-3219-c1 position-relative\">\n  <!---->\n  <div data-colibri-component=\"section\" data-colibri-id=\"3219-c2\" id=\"overlappable\" class=\"h-section h-section-global-spacing d-flex align-items-lg-center align-items-md-center align-items-center style-794 style-local-3219-c2 position-relative\">\n    <!---->\n    <!---->\n    <div class=\"h-section-grid-container h-section-fluid-container\">\n      <!---->\n      <div data-colibri-id=\"3219-c3\" class=\"h-row-container gutters-row-lg-0 gutters-row-md-0 gutters-row-0 gutters-row-v-lg-0 gutters-row-v-md-0 gutters-row-v-0 style-795 style-local-3219-c3 position-relative\">\n        <!---->\n        <div class=\"h-row justify-content-lg-center justify-content-md-center justify-content-center align-items-lg-stretch align-items-md-stretch align-items-stretch gutters-col-lg-0 gutters-col-md-0 gutters-col-0 gutters-col-v-lg-0 gutters-col-v-md-0 gutters-col-v-0\">\n          <!---->\n          <div class=\"h-column h-column-container d-flex h-col-lg-auto h-col-md-auto h-col-auto style-796-outer style-local-3219-c4-outer\">\n            <div data-colibri-id=\"3219-c4\" class=\"d-flex h-flex-basis h-column__inner h-ui-empty-state-container h-px-lg-0 h-px-md-0 h-px-0 v-inner-lg-0 v-inner-md-0 v-inner-0 style-796 style-local-3219-c4 position-relative\">\n              <!---->\n              <!---->\n              <div class=\"w-100 h-y-container h-column__content h-column__v-align flex-basis-100\">\n                <!---->\n              <\/div>\n            <\/div>\n          <\/div>\n          <div class=\"h-column h-column-container d-flex h-col-lg-auto h-col-md-auto h-col-auto style-797-outer style-local-3219-c5-outer\">\n            <div data-colibri-id=\"3219-c5\" class=\"d-flex h-flex-basis h-column__inner h-px-lg-2 h-px-md-2 h-px-2 v-inner-lg-2 v-inner-md-2 v-inner-2 style-797 style-local-3219-c5 position-relative\">\n              <!---->\n              <!---->\n              <div class=\"w-100 h-y-container h-column__content h-column__v-align flex-basis-100 align-self-lg-center align-self-md-center align-self-center\">\n                <!---->\n                <div data-colibri-id=\"3219-c6\" class=\"h-global-transition-all h-heading style-798 style-local-3219-c6 position-relative h-element\">\n                  <!---->\n                  <div class=\"h-heading__outer style-798 style-local-3219-c6\">\n                    <!---->\n                    <!---->\n                    <h4 class=\"\">Je suis ravie de vous accueillir dans cet espace d\u00e9di\u00e9 \u00e0 la psychologie<\/h4>\n                  <\/div>\n                <\/div>\n                <div data-colibri-id=\"3219-c7\" class=\"h-text h-text-component style-799 style-local-3219-c7 position-relative h-element\">\n                  <!---->\n                  <!---->\n                  <div class=\"\">\n                    <p>Si vous \u00eates ici, c&rsquo;est probablement parce que vous ressentez le besoin d&rsquo;une transformation, d&rsquo;un changement, ou tout simplement de retrouver un \u00e9quilibre dans votre vie. Que vous soyez confront\u00e9 \u00e0 des \u00e9motions refoul\u00e9es, des sch\u00e9mas\n                      r\u00e9p\u00e9titifs, des peurs qui vous freinent, ou encore des situations relationnelles difficiles, je vous comprends. Chacun de nous porte en soi des blessures, des doutes ou des souffrances, mais ces obstacles ne sont pas une fatalit\u00e9.<\/p>\n                    <p>C&rsquo;est pour r\u00e9pondre \u00e0 ces besoins de gu\u00e9rison, de compr\u00e9hension et de lib\u00e9ration que j\u2019ai choisi d\u2019acqu\u00e9rir et de mettre \u00e0 votre disposition des outils th\u00e9rapeutiques puissants et modernes. Mon objectif est de vous aider \u00e0 surmonter\n                      vos difficult\u00e9s, \u00e0 lib\u00e9rer les tensions \u00e9motionnelles et \u00e0 vous reconnecter \u00e0 votre v\u00e9ritable potentiel.<\/p>\n                    <p>Je suis consciente qu\u2019il peut \u00eatre difficile de faire face seul(e) \u00e0 ces d\u00e9fis. C&rsquo;est pourquoi je vous accompagne avec bienveillance et respect, dans mon cabinet ou en t\u00e9l\u00e9consultation,&nbsp;en vous offrant un cadre s\u00e9curis\u00e9 pour que\n                      vous puissiez exprimer vos \u00e9motions, comprendre vos m\u00e9canismes internes et avancer sereinement vers un mieux-\u00eatre durable.<\/p>\n                    <p>Mon accompagnement s\u2019adresse \u00e0 tous ceux qui souhaitent se lib\u00e9rer des poids du pass\u00e9, trouver des solutions aux difficult\u00e9s \u00e9motionnelles ou relationnelles, et aller de l\u2019avant avec confiance et s\u00e9r\u00e9nit\u00e9.<\/p>\n                    <p><strong>Si vous \u00eates pr\u00eat \u00e0 investir dans votre bien-\u00eatre et \u00e0 commencer votre transformation d\u00e8s maintenant, je serai l\u00e0 pour vous accompagner<\/strong><\/p>\n                  <\/div>\n                <\/div>\n              <\/div>\n            <\/div>\n          <\/div>\n          <div class=\"h-column h-column-container d-flex h-col-lg-auto h-col-md-auto h-col-auto style-797-outer style-local-3219-c8-outer\">\n            <div data-colibri-id=\"3219-c8\" class=\"d-flex h-flex-basis h-column__inner h-px-lg-2 h-px-md-2 h-px-2 v-inner-lg-2 v-inner-md-2 v-inner-2 style-797 style-local-3219-c8 position-relative\">\n              <!---->\n              <!---->\n              <div class=\"w-100 h-y-container h-column__content h-column__v-align flex-basis-100 align-self-lg-center align-self-md-center align-self-center\">\n                <!---->\n                <div data-colibri-id=\"3219-c9\" class=\"h-text h-text-component style-1031 style-local-3219-c9 position-relative h-element\">\n                  <!---->\n                  <!---->\n                  <div class=\"\">\n                    <p>R\u00e9servez en ligne facilement votre s\u00e9ance en&nbsp; t\u00e9l\u00e9consultation ou au cabinet<\/p>\n                  <\/div>\n                <\/div>\n                <div data-colibri-id=\"3219-c10\" class=\"h-x-container style-998 style-local-3219-c10 position-relative h-element\">\n                  <!---->\n                  <div class=\"h-x-container-inner style-dynamic-3219-c10-group style-998-spacing style-local-3219-c10-spacing\"><span class=\"h-button__outer style-999-outer style-local-3219-c11-outer d-inline-flex h-element\"><a h-use-smooth-scroll=\"true\" href=\"https:\/\/calendly.com\/contact-laetitia-vesentini-psy\/sceance-d-une-heure-clone\" target=\"_blank\" data-colibri-id=\"3219-c11\" class=\"d-flex w-100 align-items-center h-button justify-content-lg-center justify-content-md-center justify-content-center style-999 style-local-3219-c11 position-relative\" rel=\"nofollow noopener\"><!----><span  class=\"h-svg-icon h-button__icon style-999-icon style-local-3219-c11-icon\"><!--Icon by Font Awesome (https:\/\/fontawesome.com)-->\n    <svg version=\"1.1\" xmlns=\"http:\/\/www.w3.org\/2000\/svg\" xmlns:xlink=\"http:\/\/www.w3.org\/1999\/xlink\" id=\"calendar\" viewBox=\"0 0 1672.2646 1896.0833\">\n      <path d=\"M128 1664h288v-288H128v288zm352 0h320v-288H480v288zm-352-352h288V992H128v320zm352 0h320V992H480v320zM128 928h288V640H128v288zm736 736h320v-288H864v288zM480 928h320V640H480v288zm768 736h288v-288h-288v288zm-384-352h320V992H864v320zM512 448V160q0-13-9.5-22.5T480 128h-64q-13 0-22.5 9.5T384 160v288q0 13 9.5 22.5T416 480h64q13 0 22.5-9.5T512 448zm736 864h288V992h-288v320zM864 928h320V640H864v288zm384 0h288V640h-288v288zm32-480V160q0-13-9.5-22.5T1248 128h-64q-13 0-22.5 9.5T1152 160v288q0 13 9.5 22.5t22.5 9.5h64q13 0 22.5-9.5t9.5-22.5zm384-64v1280q0 52-38 90t-90 38H128q-52 0-90-38t-38-90V384q0-52 38-90t90-38h128v-96q0-66 47-113T416 0h64q66 0 113 47t47 113v96h384v-96q0-66 47-113t113-47h64q66 0 113 47t47 113v96h128q52 0 90 38t38 90z\"><\/path>\n    <\/svg><\/span> <span>R\u00e9servez votre s\u00e9ance<\/span><\/a>\n                    <\/span>\n                  <\/div>\n                <\/div>\n                <div data-colibri-id=\"3219-c12\" class=\"h-text h-text-component style-1032 style-local-3219-c12 position-relative h-element\">\n                  <!---->\n                  <!---->\n                  <div class=\"\">\n                    <p>Votre premi\u00e8re seance gratuite de 30 minutes afin d&rsquo;\u00e9changer sur vos attentes<\/p>\n                  <\/div>\n                <\/div>\n                <div data-colibri-id=\"3219-c13\" class=\"h-x-container style-1000 style-local-3219-c13 position-relative h-element\">\n                  <!---->\n                  <div class=\"h-x-container-inner style-dynamic-3219-c13-group style-1000-spacing style-local-3219-c13-spacing\"><span class=\"h-button__outer style-1001-outer style-local-3219-c14-outer d-inline-flex h-element\"><a h-use-smooth-scroll=\"true\" href=\"https:\/\/calendly.com\/contact-laetitia-vesentini-psy\/30min\" data-colibri-id=\"3219-c14\" class=\"d-flex w-100 align-items-center h-button justify-content-lg-center justify-content-md-center justify-content-center style-1001 style-local-3219-c14 position-relative\" rel=\"nofollow noopener\" target=\"_blank\"><!----><span  class=\"h-svg-icon h-button__icon style-1001-icon style-local-3219-c14-icon\"><!--Icon by Font Awesome (https:\/\/fontawesome.com)-->\n    <svg version=\"1.1\" xmlns=\"http:\/\/www.w3.org\/2000\/svg\" xmlns:xlink=\"http:\/\/www.w3.org\/1999\/xlink\" id=\"calendar\" viewBox=\"0 0 1672.2646 1896.0833\">\n      <path d=\"M128 1664h288v-288H128v288zm352 0h320v-288H480v288zm-352-352h288V992H128v320zm352 0h320V992H480v320zM128 928h288V640H128v288zm736 736h320v-288H864v288zM480 928h320V640H480v288zm768 736h288v-288h-288v288zm-384-352h320V992H864v320zM512 448V160q0-13-9.5-22.5T480 128h-64q-13 0-22.5 9.5T384 160v288q0 13 9.5 22.5T416 480h64q13 0 22.5-9.5T512 448zm736 864h288V992h-288v320zM864 928h320V640H864v288zm384 0h288V640h-288v288zm32-480V160q0-13-9.5-22.5T1248 128h-64q-13 0-22.5 9.5T1152 160v288q0 13 9.5 22.5t22.5 9.5h64q13 0 22.5-9.5t9.5-22.5zm384-64v1280q0 52-38 90t-90 38H128q-52 0-90-38t-38-90V384q0-52 38-90t90-38h128v-96q0-66 47-113T416 0h64q66 0 113 47t47 113v96h384v-96q0-66 47-113t113-47h64q66 0 113 47t47 113v96h128q52 0 90 38t38 90z\"><\/path>\n    <\/svg><\/span> <span>Faisons connaissance  30 min<\/span><\/a>\n                    <\/span>\n                  <\/div>\n                <\/div>\n              <\/div>\n            <\/div>\n          <\/div>\n          <div class=\"h-column h-column-container d-flex h-col-lg-auto h-col-md-auto h-col-auto style-797-outer style-local-3219-c15-outer\">\n            <div data-colibri-id=\"3219-c15\" class=\"d-flex h-flex-basis h-column__inner h-px-lg-2 h-px-md-2 h-px-2 v-inner-lg-2 v-inner-md-2 v-inner-2 style-797 style-local-3219-c15 position-relative\">\n              <!---->\n              <!---->\n              <div class=\"w-100 h-y-container h-column__content h-column__v-align flex-basis-100 align-self-lg-center align-self-md-center align-self-center\">\n                <!---->\n                <div data-colibri-id=\"3219-c16\" class=\"h-global-transition-all h-heading style-798 style-local-3219-c16 position-relative h-element\">\n                  <!---->\n                  <div class=\"h-heading__outer style-798 style-local-3219-c16\">\n                    <!---->\n                    <!---->\n                    <h4 class=\"\">mon approche th\u00e9rapeutique<\/h4>\n                  <\/div>\n                <\/div>\n                <div data-colibri-id=\"3219-c17\" class=\"h-text h-text-component style-799 style-local-3219-c17 position-relative h-element\">\n                  <!---->\n                  <!---->\n                  <div class=\"\">\n                    <p>Ma pratique se base sur une \u00e9coute attentive et non-judgmentale. Chaque personne est unique, c\u2019est pourquoi j\u2019adapte mes interventions selon vos besoins et vos probl\u00e9matiques sp\u00e9cifiques. Que ce soit pour surmonter un stress quotidien,\n                      lib\u00e9rer des \u00e9motions enfouies, travailler sur des croyances limitantes , am\u00e9liorer la confiance en soi, ou comprendre pourquoi nous pouvons vivre certains sch\u00e9mas de r\u00e9p\u00e9titions, je mets un point d\u2019honneur \u00e0 vous offrir un espace\n                      s\u00e9curis\u00e9 o\u00f9 vous pourrez avancer \u00e0 votre rythme.<\/p>\n                    <p>Je travaille avec une approche int\u00e9grative, ce qui signifie que j\u2019int\u00e8gre diff\u00e9rentes m\u00e9thodes et techniques pour vous offrir l\u2019accompagnement le plus complet possible. Mon objectif est de vous aider \u00e0 trouver vos propres ressources\n                      internes, \u00e0 renforcer votre autonomie et \u00e0 vous \u00e9panouir pleinement dans votre vie personnelle et professionnelle.<\/p>\n                    <p>\n                      <br>\n                    <\/p>\n                  <\/div>\n                <\/div>\n              <\/div>\n            <\/div>\n          <\/div>\n          <div class=\"h-column h-column-container d-flex h-col-lg-auto h-col-md-auto h-col-auto style-802-outer style-local-3219-c18-outer\">\n            <div data-colibri-id=\"3219-c18\" class=\"d-flex h-flex-basis h-column__inner h-ui-empty-state-container h-px-lg-0 h-px-md-0 h-px-0 v-inner-lg-0 v-inner-md-0 v-inner-0 style-802 style-local-3219-c18 position-relative\">\n              <!---->\n              <!---->\n              <div class=\"w-100 h-y-container h-column__content h-column__v-align flex-basis-100\">\n                <!---->\n              <\/div>\n            <\/div>\n          <\/div>\n        <\/div>\n      <\/div>\n    <\/div>\n  <\/div>\n  <div data-colibri-component=\"section\" data-colibri-id=\"3219-c19\" id=\"cta\" class=\"h-section h-section-global-spacing d-flex align-items-lg-center align-items-md-center align-items-center style-279 style-local-3219-c19 position-relative\">\n    <!---->\n    <!---->\n    <div class=\"h-section-grid-container h-section-boxed-container\">\n      <!---->\n      <div data-colibri-id=\"3219-c20\" class=\"h-row-container gutters-row-lg-2 gutters-row-md-2 gutters-row-2 gutters-row-v-lg-2 gutters-row-v-md-2 gutters-row-v-2 style-280 style-local-3219-c20 position-relative\">\n        <!---->\n        <div class=\"h-row justify-content-lg-center justify-content-md-center justify-content-center align-items-lg-stretch align-items-md-stretch align-items-stretch gutters-col-lg-2 gutters-col-md-2 gutters-col-2 gutters-col-v-lg-2 gutters-col-v-md-2 gutters-col-v-2\">\n          <!---->\n          <div class=\"h-column h-column-container d-flex h-col-lg-auto h-col-md-auto h-col-auto style-281-outer style-local-3219-c21-outer\">\n            <div data-colibri-id=\"3219-c21\" class=\"d-flex h-flex-basis h-column__inner h-px-lg-2 h-px-md-2 h-px-2 v-inner-lg-2 v-inner-md-2 v-inner-2 style-281 style-local-3219-c21 position-relative\">\n              <!---->\n              <!---->\n              <div class=\"w-100 h-y-container h-column__content h-column__v-align flex-basis-auto align-self-lg-start align-self-md-start align-self-start\">\n                <!---->\n                <div data-colibri-id=\"3219-c22\" class=\"h-x-container style-968 style-local-3219-c22 position-relative h-element\">\n                  <!---->\n                  <div class=\"h-x-container-inner style-dynamic-3219-c22-group style-968-spacing style-local-3219-c22-spacing\"><span class=\"h-button__outer style-969-outer style-local-3219-c23-outer d-inline-flex h-element\"><a h-use-smooth-scroll=\"true\" href=\"https:\/\/calendly.com\/contact-laetitia-vesentini-psy\/30min\" target=\"_blank\" data-colibri-id=\"3219-c23\" class=\"d-flex w-100 align-items-center h-button justify-content-lg-center justify-content-md-center justify-content-center style-969 style-local-3219-c23 position-relative\" rel=\"nofollow noopener\"><!----><!----> <span>RESERVEZ VOTRE SEANCE<\/span><\/a>\n                    <\/span>\n                  <\/div>\n                <\/div>\n                <div data-colibri-id=\"3219-c24\" class=\"h-global-transition-all h-heading style-287 style-local-3219-c24 position-relative h-element\">\n                  <!---->\n                  <div class=\"h-heading__outer style-287 style-local-3219-c24\">\n                    <!---->\n                    <!---->\n                    <h4 class=\"\">ME CONTACTER<\/h4>\n                  <\/div>\n                <\/div>\n                <div data-colibri-id=\"3219-c25\" class=\"d-block style-286 style-local-3219-c25 position-relative h-element\">\n                  <!---->\n                  <div class=\"h-image__frame-container-outer\">\n                    <div class=\"h-image__frame-container\">\n                      <!---->\n                      <!---->\n                      <img decoding=\"async\" src=\"https:\/\/colibriwp-work.colibriwp.com\/carpentry-pro\/wp-content\/uploads\/2020\/01\/analog-1293316-2.png\" class=\"wp-image-1495 style-286-image style-local-3219-c25-image\" alt=\"\" \/>\n                      <div class=\"h-image__frame h-hide-lg h-hide-md h-hide-sm style-286-frameImage style-local-3219-c25-frameImage\"><\/div>\n                    <\/div>\n                  <\/div>\n                <\/div>\n                <div data-colibri-id=\"3219-c26\" class=\"h-global-transition-all h-heading style-284 style-local-3219-c26 position-relative h-element\">\n                  <!---->\n                  <div class=\"h-heading__outer style-284 style-local-3219-c26\">\n                    <!---->\n                    <!---->\n                    <a href=\"tel:\/\/+33686384897\" h-use-smooth-scroll=\"true\" rel=\"nofollow\">\n                      <h3 class=\"\">0686384897<\/h3>\n                    <\/a>\n                  <\/div>\n                <\/div>\n              <\/div>\n            <\/div>\n          <\/div>\n        <\/div>\n      <\/div>\n    <\/div>\n  <\/div>\n<\/div>","protected":false},"excerpt":{"rendered":"<p>Je suis ravie de vous accueillir dans cet espace d\u00e9di\u00e9 \u00e0 la psychologie Si vous \u00eates ici, c&rsquo;est probablement parce que vous ressentez le besoin d&rsquo;une transformation, d&rsquo;un changement, ou tout simplement de retrouver un \u00e9quilibre dans votre vie. Que vous soyez confront\u00e9 \u00e0 des \u00e9motions refoul\u00e9es, des sch\u00e9mas r\u00e9p\u00e9titifs, des peurs qui vous freinent, [&hellip;]<\/p>\n","protected":false},"author":3,"featured_media":0,"parent":0,"menu_order":0,"comment_status":"closed","ping_status":"closed","template":"page-templates\/full-width-page.php","meta":{"footnotes":""},"class_list":["post-3219","page","type-page","status-publish","hentry"],"_links":{"self":[{"href":"https:\/\/laetitia-vesentini-psy.fr\/index.php\/wp-json\/wp\/v2\/pages\/3219","targetHints":{"allow":["GET"]}}],"collection":[{"href":"https:\/\/laetitia-vesentini-psy.fr\/index.php\/wp-json\/wp\/v2\/pages"}],"about":[{"href":"https:\/\/laetitia-vesentini-psy.fr\/index.php\/wp-json\/wp\/v2\/types\/page"}],"author":[{"embeddable":true,"href":"https:\/\/laetitia-vesentini-psy.fr\/index.php\/wp-json\/wp\/v2\/users\/3"}],"replies":[{"embeddable":true,"href":"https:\/\/laetitia-vesentini-psy.fr\/index.php\/wp-json\/wp\/v2\/comments?post=3219"}],"version-history":[{"count":20,"href":"https:\/\/laetitia-vesentini-psy.fr\/index.php\/wp-json\/wp\/v2\/pages\/3219\/revisions"}],"predecessor-version":[{"id":4584,"href":"https:\/\/laetitia-vesentini-psy.fr\/index.php\/wp-json\/wp\/v2\/pages\/3219\/revisions\/4584"}],"wp:attachment":[{"href":"https:\/\/laetitia-vesentini-psy.fr\/index.php\/wp-json\/wp\/v2\/media?parent=3219"}],"curies":[{"name":"wp","href":"https:\/\/api.w.org\/{rel}","templated":true}]}}