{"id":3373,"date":"2024-12-18T13:43:50","date_gmt":"2024-12-18T13:43:50","guid":{"rendered":"https:\/\/laetitia-vesentini-psy.fr\/?page_id=3373"},"modified":"2026-02-10T08:33:58","modified_gmt":"2026-02-10T08:33:58","slug":"mes-tarifs","status":"publish","type":"page","link":"https:\/\/laetitia-vesentini-psy.fr\/index.php\/mes-tarifs\/","title":{"rendered":"MES TARIFS"},"content":{"rendered":"<div data-colibri-id=\"3373-c1\" class=\"style-926 style-local-3373-c1 position-relative\">\n  <!---->\n  <div data-colibri-component=\"section\" data-colibri-id=\"3373-c2\" id=\"custom\" class=\"h-section h-section-global-spacing d-flex align-items-lg-center align-items-md-center align-items-center style-959 style-local-3373-c2 position-relative\">\n    <!---->\n    <!---->\n    <div class=\"h-section-grid-container h-section-boxed-container\">\n      <!---->\n      <div data-colibri-id=\"3373-c3\" class=\"h-row-container gutters-row-lg-2 gutters-row-md-2 gutters-row-0 gutters-row-v-lg-2 gutters-row-v-md-2 gutters-row-v-2 style-960 style-local-3373-c3 position-relative\">\n        <!---->\n        <div class=\"h-row justify-content-lg-center justify-content-md-center justify-content-center align-items-lg-stretch align-items-md-stretch align-items-stretch gutters-col-lg-2 gutters-col-md-2 gutters-col-0 gutters-col-v-lg-2 gutters-col-v-md-2 gutters-col-v-2\">\n          <!---->\n          <div class=\"h-column h-column-container d-flex h-col-lg-auto h-col-md-auto h-col-auto style-962-outer style-local-3373-c4-outer\">\n            <div data-colibri-id=\"3373-c4\" class=\"d-flex h-flex-basis h-column__inner h-px-lg-2 h-px-md-2 h-px-2 v-inner-lg-2 v-inner-md-2 v-inner-2 style-962 style-local-3373-c4 position-relative\">\n              <!---->\n              <!---->\n              <div class=\"w-100 h-y-container h-column__content h-column__v-align flex-basis-100 align-self-lg-start align-self-md-start align-self-start\">\n                <!---->\n                <div data-colibri-id=\"3373-c5\" class=\"h-text h-text-component style-963 style-local-3373-c5 position-relative h-element\">\n                  <!---->\n                  <!---->\n                  <div class=\"\">\n                    <p>\n                      <br>\n                    <\/p>\n                    <p><strong style=\"font-weight: 900;\"><u>S\u00e9ance individuelle 1H<\/u><\/strong><\/p>\n                    <p><strong>60\u20ac&nbsp;<\/strong><\/p>\n                    <p><strong style=\"font-weight: 900;\"><em><u>S\u00e9ance de couple 1H<\/u><\/em><\/strong><\/p>\n                    <p><strong>70\u20ac<\/strong><\/p>\n                    <p>&nbsp;Chaque s\u00e9ance est un moment d\u00e9di\u00e9 \u00e0 votre bien-\u00eatre, o\u00f9 nous travaillerons ensemble pour vous accompagner dans votre cheminement personnel.<\/p>\n                    <p>Je propose des consultations en pr\u00e9sentiel dans mon cabinet, ainsi que des s\u00e9ances \u00e0 distance, selon vos pr\u00e9f\u00e9rences et disponibilit\u00e9s.<\/p>\n                    <p>Si vous avez des questions concernant les modalit\u00e9s de paiement ou la prise de rendez-vous, n&rsquo;h\u00e9sitez pas \u00e0 me contacter. Je suis l\u00e0 pour vous accompagner dans votre parcours de transformation.<\/p>\n                  <\/div>\n                <\/div>\n              <\/div>\n            <\/div>\n          <\/div>\n        <\/div>\n      <\/div>\n    <\/div>\n  <\/div>\n<\/div>","protected":false},"excerpt":{"rendered":"<p>S\u00e9ance individuelle 1H 60\u20ac&nbsp; S\u00e9ance de couple 1H 70\u20ac &nbsp;Chaque s\u00e9ance est un moment d\u00e9di\u00e9 \u00e0 votre bien-\u00eatre, o\u00f9 nous travaillerons ensemble pour vous accompagner dans votre cheminement personnel. Je propose des consultations en pr\u00e9sentiel dans mon cabinet, ainsi que des s\u00e9ances \u00e0 distance, selon vos pr\u00e9f\u00e9rences et disponibilit\u00e9s. Si vous avez des questions concernant [&hellip;]<\/p>\n","protected":false},"author":3,"featured_media":0,"parent":0,"menu_order":0,"comment_status":"closed","ping_status":"closed","template":"page-templates\/full-width-page.php","meta":{"footnotes":""},"class_list":["post-3373","page","type-page","status-publish","hentry"],"_links":{"self":[{"href":"https:\/\/laetitia-vesentini-psy.fr\/index.php\/wp-json\/wp\/v2\/pages\/3373","targetHints":{"allow":["GET"]}}],"collection":[{"href":"https:\/\/laetitia-vesentini-psy.fr\/index.php\/wp-json\/wp\/v2\/pages"}],"about":[{"href":"https:\/\/laetitia-vesentini-psy.fr\/index.php\/wp-json\/wp\/v2\/types\/page"}],"author":[{"embeddable":true,"href":"https:\/\/laetitia-vesentini-psy.fr\/index.php\/wp-json\/wp\/v2\/users\/3"}],"replies":[{"embeddable":true,"href":"https:\/\/laetitia-vesentini-psy.fr\/index.php\/wp-json\/wp\/v2\/comments?post=3373"}],"version-history":[{"count":10,"href":"https:\/\/laetitia-vesentini-psy.fr\/index.php\/wp-json\/wp\/v2\/pages\/3373\/revisions"}],"predecessor-version":[{"id":4607,"href":"https:\/\/laetitia-vesentini-psy.fr\/index.php\/wp-json\/wp\/v2\/pages\/3373\/revisions\/4607"}],"wp:attachment":[{"href":"https:\/\/laetitia-vesentini-psy.fr\/index.php\/wp-json\/wp\/v2\/media?parent=3373"}],"curies":[{"name":"wp","href":"https:\/\/api.w.org\/{rel}","templated":true}]}}