{"id":4082,"date":"2025-02-06T16:38:15","date_gmt":"2025-02-06T16:38:15","guid":{"rendered":"https:\/\/laetitia-vesentini-psy.fr\/?page_id=4082"},"modified":"2025-02-10T17:00:52","modified_gmt":"2025-02-10T17:00:52","slug":"pourquoi-pour-qui","status":"publish","type":"page","link":"https:\/\/laetitia-vesentini-psy.fr\/index.php\/pourquoi-pour-qui\/","title":{"rendered":"POURQUOI? POUR QUI?"},"content":{"rendered":"<div data-colibri-id=\"4082-c1\" class=\"style-970 style-local-4082-c1 position-relative\">\r\n  <!---->\r\n  <div data-colibri-component=\"section\" data-colibri-id=\"4082-c2\" id=\"custom\" class=\"h-section h-section-global-spacing d-flex align-items-lg-center align-items-md-center align-items-center style-986 style-local-4082-c2 position-relative\">\r\n    <!---->\r\n    <!---->\r\n    <div class=\"h-section-grid-container h-section-boxed-container\">\r\n      <!---->\r\n      <div data-colibri-id=\"4082-c3\" class=\"h-row-container gutters-row-lg-2 gutters-row-md-2 gutters-row-0 gutters-row-v-lg-2 gutters-row-v-md-2 gutters-row-v-2 style-987 style-local-4082-c3 position-relative\">\r\n        <!---->\r\n        <div class=\"h-row justify-content-lg-center justify-content-md-center justify-content-center align-items-lg-stretch align-items-md-stretch align-items-stretch gutters-col-lg-2 gutters-col-md-2 gutters-col-0 gutters-col-v-lg-2 gutters-col-v-md-2 gutters-col-v-2\">\r\n          <!---->\r\n          <div class=\"h-column h-column-container d-flex h-col-lg-auto h-col-md-auto h-col-auto style-989-outer style-local-4082-c4-outer\">\r\n            <div data-colibri-id=\"4082-c4\" class=\"d-flex h-flex-basis h-column__inner h-px-lg-2 h-px-md-2 h-px-2 v-inner-lg-2 v-inner-md-2 v-inner-2 style-989 style-local-4082-c4 position-relative\">\r\n              <!---->\r\n              <!---->\r\n              <div class=\"w-100 h-y-container h-column__content h-column__v-align flex-basis-100 align-self-lg-start align-self-md-start align-self-start\">\r\n                <!---->\r\n                <div data-colibri-id=\"4082-c5\" class=\"h-text h-text-component style-994 style-local-4082-c5 position-relative h-element\">\r\n                  <!---->\r\n                  <!---->\r\n                  <div class=\"\">\r\n                    <p>Consulter un psychopraticien peut \u00eatre utile pour plusieurs probl\u00e9matiques, surtout lorsqu\u2019on cherche un accompagnement psychologique plus orient\u00e9 vers des solutions pratiques, ou lorsqu\u2019on veut un espace s\u00e9curis\u00e9 pour explorer ses\r\n                      pens\u00e9es et \u00e9motions. <strong style=\"font-weight: 700;\">Voici quelques probl\u00e9matiques pour lesquelles une consultation avec un psychopraticien<\/strong> peut \u00eatre pertinente :<\/p>\r\n                  <\/div>\r\n                <\/div>\r\n              <\/div>\r\n            <\/div>\r\n          <\/div>\r\n          <div class=\"h-column h-column-container d-flex h-col-lg-auto h-col-md-auto h-col-auto style-996-outer style-local-4082-c6-outer\">\r\n            <div data-colibri-id=\"4082-c6\" class=\"d-flex h-flex-basis h-column__inner h-px-lg-2 h-px-md-2 h-px-2 v-inner-lg-2 v-inner-md-2 v-inner-2 style-996 style-local-4082-c6 position-relative\">\r\n              <!---->\r\n              <!---->\r\n              <div class=\"w-100 h-y-container h-column__content h-column__v-align flex-basis-100 align-self-lg-start align-self-md-start align-self-start\">\r\n                <!---->\r\n                <div data-colibri-id=\"4082-c7\" class=\"d-block style-1058 style-local-4082-c7 position-relative h-element\">\r\n                  <!---->\r\n                  <div class=\"h-image__frame-container-outer\">\r\n                    <div class=\"h-image__frame-container\">\r\n                      <!---->\r\n                      <!---->\r\n                      <img loading=\"lazy\" decoding=\"async\" width=\"768\" height=\"809\" src=\"https:\/\/laetitia-vesentini-psy.fr\/wp-content\/uploads\/2025\/02\/Pourquoi-Pour-qui.jpg\" class=\"wp-image-4443 style-1058-image style-local-4082-c7-image\" alt=\"\" srcset=\"https:\/\/laetitia-vesentini-psy.fr\/wp-content\/uploads\/2025\/02\/Pourquoi-Pour-qui.jpg 768w, https:\/\/laetitia-vesentini-psy.fr\/wp-content\/uploads\/2025\/02\/Pourquoi-Pour-qui-285x300.jpg 285w\" sizes=\"auto, (max-width: 768px) 100vw, 768px\" \/>\r\n                      <div class=\"h-image__frame h-hide-lg h-hide-md h-hide-sm style-1058-frameImage style-local-4082-c7-frameImage\"><\/div>\r\n                    <\/div>\r\n                  <\/div>\r\n                <\/div>\r\n              <\/div>\r\n            <\/div>\r\n          <\/div>\r\n          <div class=\"h-column h-column-container d-flex h-col-lg-auto h-col-md-auto h-col-auto style-997-outer style-local-4082-c8-outer\">\r\n            <div data-colibri-id=\"4082-c8\" class=\"d-flex h-flex-basis h-column__inner h-ui-empty-state-container h-px-lg-2 h-px-md-2 h-px-2 v-inner-lg-2 v-inner-md-2 v-inner-2 style-997 style-local-4082-c8 position-relative\">\r\n              <!---->\r\n              <!---->\r\n              <div class=\"w-100 h-y-container h-column__content h-column__v-align flex-basis-100\">\r\n                <!---->\r\n              <\/div>\r\n            <\/div>\r\n          <\/div>\r\n        <\/div>\r\n      <\/div>\r\n      <div data-colibri-id=\"4082-c9\" class=\"h-row-container gutters-row-lg-2 gutters-row-md-2 gutters-row-0 gutters-row-v-lg-2 gutters-row-v-md-2 gutters-row-v-2 style-987 style-local-4082-c9 position-relative\">\r\n        <!---->\r\n        <div class=\"h-row justify-content-lg-center justify-content-md-center justify-content-center align-items-lg-stretch align-items-md-stretch align-items-stretch gutters-col-lg-2 gutters-col-md-2 gutters-col-0 gutters-col-v-lg-2 gutters-col-v-md-2 gutters-col-v-2\">\r\n          <!---->\r\n          <div class=\"h-column h-column-container d-flex h-col-lg-auto h-col-md-auto h-col-auto style-988-outer style-local-4082-c10-outer\">\r\n            <div data-colibri-id=\"4082-c10\" class=\"d-flex h-flex-basis h-column__inner h-px-lg-2 h-px-md-2 h-px-2 v-inner-lg-2 v-inner-md-2 v-inner-2 style-988 style-local-4082-c10 position-relative\">\r\n              <!---->\r\n              <!---->\r\n              <div class=\"w-100 h-y-container h-column__content h-column__v-align flex-basis-100 align-self-lg-start align-self-md-start align-self-start\">\r\n                <!---->\r\n                <div data-colibri-id=\"4082-c11\" class=\"h-text h-text-component style-995 style-local-4082-c11 position-relative h-element\">\r\n                  <!---->\r\n                  <!---->\r\n                  <div class=\"\">\r\n                    <p><strong>Comprendre ses \u00e9motions<\/strong> : Apprendre \u00e0 identifier et g\u00e9rer ses \u00e9motions de mani\u00e8re saine.<\/p>\r\n                    <p><strong>G\u00e9rer le stress et l&rsquo;anxi\u00e9t\u00e9<\/strong> : Trouver des outils pour r\u00e9duire l\u2019anxi\u00e9t\u00e9 et mieux g\u00e9rer le stress quotidien.<\/p>\r\n                    <p><strong>Surmonter un traumatisme<\/strong> : Traiter des \u00e9v\u00e9nements pass\u00e9s qui continuent \u00e0 impacter la vie pr\u00e9sente.<\/p>\r\n                    <p><strong>Am\u00e9liorer les relations<\/strong> : Travailler sur les relations interpersonnelles, qu&rsquo;elles soient familiales, amoureuses ou professionnelles. Arr\u00eater un&nbsp;sch\u00e9ma amoureux \u00e0 r\u00e9p\u00e9tition toxique.<\/p>\r\n                    <p><strong>Se reconstruire apr\u00e8s une rupture ou une perte<\/strong> : Trouver des ressources pour traverser un deuil ou une s\u00e9paration.<\/p>\r\n                    <p><strong>D\u00e9velopper la confiance en soi<\/strong> : Renforcer l\u2019estime de soi et s\u2019affirmer davantage.<\/p>\r\n                    <p><strong>G\u00e9rer les d\u00e9pendances<\/strong> : Travailler sur des comportements addictifs, qu\u2019il s\u2019agisse de drogues, d&rsquo;alcool ou d\u2019autres d\u00e9pendances.<\/p>\r\n                    <p><strong>Explorer ses croyances et comportements<\/strong> : Identifier des sch\u00e9mas de pens\u00e9e ou de comportement limitants pour les transformer.<\/p>\r\n                    <p><strong>Surmonter des peurs ou phobies<\/strong> : Apprendre \u00e0 faire face \u00e0 des peurs irrationnelles ou des phobies.<\/p>\r\n                    <p><strong>Am\u00e9liorer sa communication<\/strong> : Apprendre \u00e0 mieux s\u2019exprimer, \u00e9couter et interagir avec les autres.<\/p>\r\n                    <p><strong>G\u00e9rer la d\u00e9pression<\/strong> : Recevoir un soutien pour sortir d\u2019une p\u00e9riode de d\u00e9pression ou de tristesse profonde.<\/p>\r\n                    <p><strong>Trouver un \u00e9quilibre de vie<\/strong> : Aider \u00e0 trouver un \u00e9quilibre entre les diff\u00e9rentes facettes de la vie (travail, famille, loisirs).<\/p>\r\n                    <p><strong>Trouver un sens \u00e0 sa vie<\/strong> : Clarifier ses objectifs, ses valeurs et ce qui est important pour soi.<\/p>\r\n                    <p><strong>Renforcer la r\u00e9silience<\/strong> : Apprendre \u00e0 rebondir face aux \u00e9preuves de la vie.<\/p>\r\n                    <p><strong>Lib\u00e9rer des traumatismes enfouis<\/strong> : Travailler sur des exp\u00e9riences traumatiques non r\u00e9solues qui influencent le comportement et les \u00e9motions.<\/p>\r\n                    <p>Chaque personne vient en th\u00e9rapie pour des raisons uniques, mais l\u2019objectif commun est d&rsquo;am\u00e9liorer son bien-\u00eatre g\u00e9n\u00e9ral et de se sentir plus en paix avec soi-m\u00eame.<\/p>\r\n                  <\/div>\r\n                <\/div>\r\n              <\/div>\r\n            <\/div>\r\n          <\/div>\r\n          <div class=\"h-column h-column-container d-flex h-col-lg-auto h-col-md-auto h-col-auto style-989-outer style-local-4082-c12-outer\">\r\n            <div data-colibri-id=\"4082-c12\" class=\"d-flex h-flex-basis h-column__inner h-px-lg-2 h-px-md-2 h-px-2 v-inner-lg-2 v-inner-md-2 v-inner-2 style-989 style-local-4082-c12 position-relative\">\r\n              <!---->\r\n              <!---->\r\n              <div class=\"w-100 h-y-container h-column__content h-column__v-align flex-basis-100 align-self-lg-start align-self-md-start align-self-start\">\r\n                <!---->\r\n                <div data-colibri-id=\"4082-c13\" class=\"h-text h-text-component style-990 style-local-4082-c13 position-relative h-element\">\r\n                  <!---->\r\n                  <!---->\r\n                  <div class=\"\">\r\n                    <h4><strong style=\"font-weight: 900;\">Pourquoi faire appel \u00e0 un psychopraticien ?<\/strong><\/h4>\r\n                    <p>Si vous ressentez une insatisfaction dans votre vie, que ce soit dans vos relations, votre travail, ou simplement dans votre mani\u00e8re de vous percevoir, il est possible de retrouver une harmonie int\u00e9rieure. Vous avez la possibilit\u00e9\r\n                      de gu\u00e9rir des traumatismes pass\u00e9s, de vous lib\u00e9rer de l\u2019anxi\u00e9t\u00e9, du stress ou de l\u2019auto-sabotage. Ce processus ne doit pas \u00eatre long ou difficile, il suffit d\u2019avoir les bonnes m\u00e9thodes, une \u00e9coute attentive et un accompagnement adapt\u00e9.<\/p>\r\n                    <ul>\r\n                      <li><strong>Vous avez besoin de r\u00e9sultats concrets<\/strong>&nbsp;: Gr\u00e2ce aux techniques rapides et cibl\u00e9es, vous constaterez des progr\u00e8s d\u00e8s les premi\u00e8res s\u00e9ances.<\/li>\r\n                      <li><strong>Vous avez besoin d\u2019un accompagnement personnalis\u00e9<\/strong>&nbsp;: Chaque personne est unique, et je m\u2019engage \u00e0 adapter mon approche \u00e0 vos besoins sp\u00e9cifiques pour vous guider efficacement vers votre transformation.<\/li>\r\n                      <li><strong>Vous avez besoin de vous lib\u00e9rer de vos fardeaux \u00e9motionnels<\/strong>&nbsp;: Il est possible de d\u00e9nouer vos blocages et d\u2019aller de l\u2019avant plus sereinement, en un temps plus court qu\u2019avec les m\u00e9thodes traditionnelles<\/li>\r\n                    <\/ul>\r\n                    <p>\r\n                      <br>\r\n                    <\/p>\r\n                  <\/div>\r\n                <\/div>\r\n              <\/div>\r\n            <\/div>\r\n          <\/div>\r\n        <\/div>\r\n      <\/div>\r\n      <div data-colibri-id=\"4082-c14\" class=\"h-row-container gutters-row-lg-2 gutters-row-md-2 gutters-row-0 gutters-row-v-lg-2 gutters-row-v-md-2 gutters-row-v-2 style-1067 style-local-4082-c14 position-relative\">\r\n        <!---->\r\n        <div class=\"h-row justify-content-lg-center justify-content-md-center justify-content-center align-items-lg-stretch align-items-md-stretch align-items-stretch gutters-col-lg-2 gutters-col-md-2 gutters-col-0 gutters-col-v-lg-2 gutters-col-v-md-2 gutters-col-v-2\">\r\n          <!---->\r\n          <div class=\"h-column h-column-container d-flex h-col-lg-auto h-col-md-auto h-col-auto style-1068-outer style-local-4082-c15-outer\">\r\n            <div data-colibri-id=\"4082-c15\" class=\"d-flex h-flex-basis h-column__inner h-px-lg-2 h-px-md-2 h-px-2 v-inner-lg-2 v-inner-md-2 v-inner-2 style-1068 style-local-4082-c15 position-relative\">\r\n              <!---->\r\n              <!---->\r\n              <div class=\"w-100 h-y-container h-column__content h-column__v-align flex-basis-100 align-self-lg-start align-self-md-start align-self-start\">\r\n                <!---->\r\n                <div data-colibri-id=\"4082-c16\" class=\"d-block style-1069 style-local-4082-c16 position-relative h-element\">\r\n                  <!---->\r\n                  <div class=\"h-image__frame-container-outer\">\r\n                    <div class=\"h-image__frame-container\">\r\n                      <!---->\r\n                      <!---->\r\n                      <img loading=\"lazy\" decoding=\"async\" width=\"1400\" height=\"788\" src=\"https:\/\/laetitia-vesentini-psy.fr\/wp-content\/uploads\/2025\/02\/R.jpeg\" class=\"wp-image-4451 style-1069-image style-local-4082-c16-image\" alt=\"\" srcset=\"https:\/\/laetitia-vesentini-psy.fr\/wp-content\/uploads\/2025\/02\/R.jpeg 1400w, https:\/\/laetitia-vesentini-psy.fr\/wp-content\/uploads\/2025\/02\/R-300x169.jpeg 300w, https:\/\/laetitia-vesentini-psy.fr\/wp-content\/uploads\/2025\/02\/R-1024x576.jpeg 1024w, https:\/\/laetitia-vesentini-psy.fr\/wp-content\/uploads\/2025\/02\/R-768x432.jpeg 768w\" sizes=\"auto, (max-width: 1400px) 100vw, 1400px\" \/>\r\n                      <div class=\"h-image__frame h-hide-lg h-hide-md h-hide-sm style-1069-frameImage style-local-4082-c16-frameImage\"><\/div>\r\n                    <\/div>\r\n                  <\/div>\r\n                <\/div>\r\n              <\/div>\r\n            <\/div>\r\n          <\/div>\r\n        <\/div>\r\n      <\/div>\r\n    <\/div>\r\n  <\/div>\r\n  <div data-colibri-component=\"section\" data-colibri-id=\"4082-c17\" id=\"custom-2\" class=\"h-section h-section-global-spacing d-flex align-items-lg-center align-items-md-center align-items-center style-1045 style-local-4082-c17 position-relative\">\r\n    <!---->\r\n    <!---->\r\n    <div class=\"h-section-grid-container h-section-boxed-container\">\r\n      <!---->\r\n      <div data-colibri-id=\"4082-c18\" class=\"h-row-container gutters-row-lg-2 gutters-row-md-2 gutters-row-0 gutters-row-v-lg-2 gutters-row-v-md-2 gutters-row-v-2 style-1046 style-local-4082-c18 position-relative\">\r\n        <!---->\r\n        <div class=\"h-row justify-content-lg-center justify-content-md-center justify-content-center align-items-lg-stretch align-items-md-stretch align-items-stretch gutters-col-lg-2 gutters-col-md-2 gutters-col-0 gutters-col-v-lg-2 gutters-col-v-md-2 gutters-col-v-2\">\r\n          <!---->\r\n          <div class=\"h-column h-column-container d-flex h-col-lg-auto h-col-md-auto h-col-auto style-1047-outer style-local-4082-c19-outer\">\r\n            <div data-colibri-id=\"4082-c19\" class=\"d-flex h-flex-basis h-column__inner h-px-lg-2 h-px-md-2 h-px-2 v-inner-lg-2 v-inner-md-2 v-inner-2 style-1047 style-local-4082-c19 position-relative\">\r\n              <!---->\r\n              <!---->\r\n              <div class=\"w-100 h-y-container h-column__content h-column__v-align flex-basis-100 align-self-lg-start align-self-md-start align-self-start\">\r\n                <!---->\r\n                <div data-colibri-id=\"4082-c20\" class=\"h-text h-text-component style-1048 style-local-4082-c20 position-relative h-element\">\r\n                  <!---->\r\n                  <!---->\r\n                  <div class=\"\">\r\n                    <h4><strong style=\"font-weight: 900;\">POUR QUI?<\/strong><\/h4>\r\n                    <p><strong>Pr\u00e9sentation de l\u2019accompagnement th\u00e9rapeutique pour diff\u00e9rents publics :<\/strong><\/p>\r\n                    <h4><strong style=\"font-weight: 700;\">Accompagnement des Enfants :<\/strong><\/h4>\r\n                    <p>Les enfants ont souvent du mal \u00e0 exprimer leurs \u00e9motions. Ils peuvent pr\u00e9senter des comportements li\u00e9s \u00e0 des difficult\u00e9s \u00e9motionnelles, familiales ou scolaires. J\u2019utilise des jeux et des activit\u00e9s cr\u00e9atives pour les aider \u00e0 comprendre\r\n                      et \u00e0 g\u00e9rer leurs \u00e9motions, en travaillant sur les traumatismes ou les conflits familiaux.<\/p>\r\n                    <h4><strong> Accompagnement des Adolescents :<\/strong><\/h4>\r\n                    <p>Les adolescents font face \u00e0 des d\u00e9fis uniques li\u00e9s \u00e0 l\u2019affirmation de soi et \u00e0 la gestion du stress. Ils peuvent \u00e9prouver des difficult\u00e9s avec l\u2019estime de soi, les relations familiales, ou encore des comportements \u00e0 risque. L\u2019approche\r\n                      th\u00e9rapeutique permet d\u2019explorer ces difficult\u00e9s tout en offrant des outils pour g\u00e9rer les \u00e9motions et renforcer la confiance.<\/p>\r\n                    <h4><strong> Accompagnement des Adultes :<\/strong><\/h4>\r\n                    <p>Les adultes rencontrent des probl\u00e9matiques li\u00e9es \u00e0 la d\u00e9pression, au stress, aux relations ou \u00e0 la carri\u00e8re. En th\u00e9rapie, je les aide \u00e0 mieux comprendre leurs \u00e9motions, \u00e0 travailler sur des croyances limitantes, et \u00e0 acqu\u00e9rir des strat\u00e9gies\r\n                      pour am\u00e9liorer leur bien-\u00eatre et leur \u00e9panouissement personnel.<\/p>\r\n                    <h4><strong>Accompagnement des Couples :<\/strong><\/h4>\r\n                    <p>Les couples peuvent traverser des crises li\u00e9es \u00e0 la communication, \u00e0 l\u2019intimit\u00e9 ou \u00e0 des divergences de projets. Le travail th\u00e9rapeutique permet de r\u00e9tablir une communication saine, de restaurer la confiance et d\u2019aider le couple \u00e0\r\n                      surmonter les conflits pour retrouver l\u2019harmonie et la complicit\u00e9.<\/p>\r\n                    <h4><strong>Conclusion :<\/strong><\/h4>\r\n                    <p>Chaque \u00e9tape de la vie pr\u00e9sente des d\u00e9fis sp\u00e9cifiques. Mon r\u00f4le est d\u2019offrir un accompagnement personnalis\u00e9 pour aider chacun \u00e0 mieux se comprendre et \u00e0 surmonter ses difficult\u00e9s.<\/p>\r\n                    <p>\r\n                      <br>\r\n                    <\/p>\r\n                  <\/div>\r\n                <\/div>\r\n              <\/div>\r\n            <\/div>\r\n          <\/div>\r\n        <\/div>\r\n      <\/div>\r\n    <\/div>\r\n  <\/div>\r\n<\/div>","protected":false},"excerpt":{"rendered":"<p>Consulter un psychopraticien peut \u00eatre utile pour plusieurs probl\u00e9matiques, surtout lorsqu\u2019on cherche un accompagnement psychologique plus orient\u00e9 vers des solutions pratiques, ou lorsqu\u2019on veut un espace s\u00e9curis\u00e9 pour explorer ses pens\u00e9es et \u00e9motions. Voici quelques probl\u00e9matiques pour lesquelles une consultation avec un psychopraticien peut \u00eatre pertinente : Comprendre ses \u00e9motions : Apprendre \u00e0 identifier et [&hellip;]<\/p>\n","protected":false},"author":3,"featured_media":0,"parent":0,"menu_order":0,"comment_status":"closed","ping_status":"closed","template":"page-templates\/full-width-page.php","meta":{"footnotes":""},"class_list":["post-4082","page","type-page","status-publish","hentry"],"_links":{"self":[{"href":"https:\/\/laetitia-vesentini-psy.fr\/index.php\/wp-json\/wp\/v2\/pages\/4082","targetHints":{"allow":["GET"]}}],"collection":[{"href":"https:\/\/laetitia-vesentini-psy.fr\/index.php\/wp-json\/wp\/v2\/pages"}],"about":[{"href":"https:\/\/laetitia-vesentini-psy.fr\/index.php\/wp-json\/wp\/v2\/types\/page"}],"author":[{"embeddable":true,"href":"https:\/\/laetitia-vesentini-psy.fr\/index.php\/wp-json\/wp\/v2\/users\/3"}],"replies":[{"embeddable":true,"href":"https:\/\/laetitia-vesentini-psy.fr\/index.php\/wp-json\/wp\/v2\/comments?post=4082"}],"version-history":[{"count":20,"href":"https:\/\/laetitia-vesentini-psy.fr\/index.php\/wp-json\/wp\/v2\/pages\/4082\/revisions"}],"predecessor-version":[{"id":4552,"href":"https:\/\/laetitia-vesentini-psy.fr\/index.php\/wp-json\/wp\/v2\/pages\/4082\/revisions\/4552"}],"wp:attachment":[{"href":"https:\/\/laetitia-vesentini-psy.fr\/index.php\/wp-json\/wp\/v2\/media?parent=4082"}],"curies":[{"name":"wp","href":"https:\/\/api.w.org\/{rel}","templated":true}]}}